{"id":3877,"date":"2016-12-21T10:34:37","date_gmt":"2016-12-21T09:34:37","guid":{"rendered":"http:\/\/kapetanovina.com\/about-us\/"},"modified":"2018-03-05T01:21:11","modified_gmt":"2018-03-05T00:21:11","slug":"o-nama","status":"publish","type":"page","link":"https:\/\/kapetanovina.com\/bs\/o-nama\/","title":{"rendered":"O NAMA"},"content":{"rendered":"<p>[vc_row][vc_column width=&#8221;1\/2&#8221;][vc_column_text]<\/p>\n<h2>Hotel Kapetanovina<\/h2>\n<p style=\"text-align: justify;\">Hotel &#8220;Kapetanovina\u201c smje\u0161ten je u starom dijelu grada <a href=\"https:\/\/kapetanovina.com\/bs\/destinacije\/mostar\/\">Mostara<\/a> u blizini Starog mosta koji je zbog svoje ljepote i jedinstvenosti me\u0111u najljep\u0161im mostovima na svijetu. A Mostar je vijekovima mjesto gdje se susre\u0107u Istok i Zapad, raskri\u017eje razli\u010ditih civilizacija od kojih mu je svaka podarila dio svoje posebnosti a on sam je imao sunce, zelenilo behar i prelijepu Neretvu.<\/p>\n<p style=\"text-align: justify;\">Svi koji \u017eele do\u017eivjeti ljepotu Hercegovine hotel \u201eKapetanovina\u201c je idealan izbor. Moderan dizajn u kombinaciji sa orijentalnim stilom, izvanredna usluga, raznovrsni sadr\u017eaji u\u010dinit \u0107e va\u0161 boravak prijatnim. Hotel raspola\u017ee sa moderno opremljenim sobama u kojima su preslikane boje rijeke Neretve i sa pogledom na veli\u010danstvenu panoramu Starog mosta.<\/p>\n<p style=\"text-align: justify;\">Hotel \u201eKapetanovina\u201c ponudit \u0107e vam ugodan smje\u0161taj i vrhunske sadr\u017eaje i uslugu po pravoj cijeni. Idealan je izbor za one koji \u017eele miran boravak u blizini svih zanimljivih mjesta u Mostaru.<\/p>\n<p><strong>Pogodnosti soba<\/strong><br \/>\n<a href=\"http:\/\/kapetanovina.com\/bs\/rooms\/\">Sobe<\/a> su opremljene TV-om ravnog ekrana. Neke sobe imaju prostor za sjedenje u kojem se mo\u017eete opustiti. Na\u0107i \u0107ete kuhalo za vodu. Sobe imaju vlastitu kupaonicu sa kadom ili tu\u0161em i bideom, sa papu\u010dama na raspolaganju. Za va\u0161u udobnost, na\u0107i \u0107ete besplatne toaletne potrep\u0161tine i su\u0161ilo za kosu. Sve sobe su opremljene\u00a0savremenim sefovima kao i dje\u010dijim krevetom i baby hranilicom koje na\u0161im gostima osiguravamo po potrebi.<\/p>\n<p><strong>Pogodnosti objekta<\/strong><br \/>\nU sklopu objekta nalazi se suvenirnica i mesd\u017eid. Na\u0161im gostima tako\u0111er nudimo usluge: izgubljeno &#8211; na\u0111eno, pozivanje Taxy slu\u017ebe, kartu grada kao i dasku za peglanje i peglu.<\/p>\n<p>Na\u0161e osoblje govori engleski, francuski i \u0161panski jezik.<br \/>\nHotel posjeduje 24 sobe.[\/vc_column_text][\/vc_column][vc_column width=&#8221;1\/2&#8221;][vc_separator][vc_gallery images=&#8221;4187,4183,4182,4186,4185,4184&#8221; img_size=&#8221;medium&#8221; columns=&#8221;2&#8221; masonry=&#8221;fitRows&#8221;][\/vc_column][\/vc_row][vc_row full_width=&#8221;stretch_row&#8221; parallax_layers=&#8221;yes&#8221; video_cover=&#8221;4189&#8221; video_mp4=&#8221;http:\/\/kapetanovina.com\/v3\/wp-content\/uploads\/2014\/09\/sunny.mp4&#8221; video_ogg=&#8221;http:\/\/kapetanovina.com\/v3\/wp-content\/uploads\/2014\/09\/sunny.ogv&#8221; video_webm=&#8221;http:\/\/kapetanovina.com\/v3\/wp-content\/uploads\/2014\/09\/sunny.webm&#8221; el_class=&#8221;content-padding-mobile-none&#8221;][vc_column width=&#8221;2\/3&#8221; offset=&#8221;vc_col-sm-offset-2&#8221; el_class=&#8221;text-center white-box content-padding&#8221;]<h2 class=\"text-center\"><small>What people like about us<\/small>TESTIMONIALS<\/h2><div class='testimonials-carousel  owl-with-navigation' data-owl-items='3' data-owl-nav='true' data-owl-nav-text='[\"Prev\",\"Next\"]' data-owl-loop='true' data-owl-autoplay='true' data-owl-speed='2000' data-owl-hover='true' data-owl-mobile='1' data-owl-tablet='2' data-owl-dots='true'><div class='testimonial'><h4 class='testimonial-title'>Lokadita, Indonesia<small>4 Dec 2016<\/small><\/h4><p>The room that we had has a terrace that facing the old bridge...spectacular view.<\/p><\/div><div class='testimonial'><h4 class='testimonial-title'>Ahmed, Bahrain<small>4 Dec 2016<\/small><\/h4><p>The staff are so helpful specially Tariq and Layla they will make u feel you are home.<\/p><\/div><div class='testimonial'><h4 class='testimonial-title'>Bahar, Turkey<small>30 Nov 2016<\/small><\/h4><p>Everything was very good. Perfect breakfast very good bed. Always smile face<\/p><\/div><div class='testimonial'><h4 class='testimonial-title'>Janette, USA<small>31 Oct 2016<\/small><\/h4><p>The view of the bridge is perfect and this hotel is in an ideal location.<\/p><\/div><div class='testimonial'><h4 class='testimonial-title'>Doru, Australia<small>16 Sept, 2016<\/small><\/h4><p>Amazingly professional and friendly staff at the reception. <\/p><\/div><\/div>[\/vc_column][\/vc_row][vc_row full_width=&#8221;stretch_row&#8221; parallax=&#8221;content-moving&#8221; css=&#8221;.vc_custom_1482943343914{background-color: #ffffff !important;background-position: center;background-repeat: no-repeat !important;background-size: cover !important;}&#8221; el_class=&#8221;content-padding-xxl&#8221;][vc_column width=&#8221;1\/2&#8221;][vc_column_text]<\/p>\n<h2 class=\"text-center\" style=\"text-align: center;\"><i class='fa fa-fw fa-clock-o fa-lg center-block ' style=''><\/i>Radno vrijeme<\/h2>\n<p style=\"text-align: center;\"><strong>Hotel Kapetanovina je otvoren 24\/7.<\/strong><\/p>\n<p style=\"text-align: center;\"><strong>Doru\u010dak: 7 &#8211; 11<\/strong><\/p>\n<p>[\/vc_column_text][\/vc_column][vc_column width=&#8221;1\/2&#8221;][vc_column_text]<\/p>\n<h2 class=\"text-center\" style=\"text-align: center;\"><i class='fa fa-fw fa-book fa-lg center-block ' style=''><\/i>Rezervacije<\/h2>\n<p style=\"text-align: center;\"><strong>Ukoliko imate bilo kakvih pitanja, molimo da nas kontaktirate<br \/>\nputem telefona ili na e-mail adresu.<\/strong><\/p>\n<p style=\"text-align: center;\"><strong>+387 36 558 360<br \/>\ninfo@kapetanovina.com<\/strong><\/p>\n<p>[\/vc_column_text][\/vc_column][\/vc_row]<\/p>\n","protected":false},"excerpt":{"rendered":"<p>[vc_row][vc_column width=&#8221;1\/2&#8221;][vc_column_text] Hotel Kapetanovina Hotel &#8220;Kapetanovina\u201c smje\u0161ten je u starom dijelu grada Mostara u blizini Starog mosta koji je zbog [&hellip;]<\/p>\n","protected":false},"author":1,"featured_media":0,"parent":0,"menu_order":0,"comment_status":"closed","ping_status":"open","template":"","meta":{"footnotes":""},"class_list":["post-3877","page","type-page","status-publish","hentry"],"_links":{"self":[{"href":"https:\/\/kapetanovina.com\/bs\/wp-json\/wp\/v2\/pages\/3877","targetHints":{"allow":["GET"]}}],"collection":[{"href":"https:\/\/kapetanovina.com\/bs\/wp-json\/wp\/v2\/pages"}],"about":[{"href":"https:\/\/kapetanovina.com\/bs\/wp-json\/wp\/v2\/types\/page"}],"author":[{"embeddable":true,"href":"https:\/\/kapetanovina.com\/bs\/wp-json\/wp\/v2\/users\/1"}],"replies":[{"embeddable":true,"href":"https:\/\/kapetanovina.com\/bs\/wp-json\/wp\/v2\/comments?post=3877"}],"version-history":[{"count":13,"href":"https:\/\/kapetanovina.com\/bs\/wp-json\/wp\/v2\/pages\/3877\/revisions"}],"predecessor-version":[{"id":4407,"href":"https:\/\/kapetanovina.com\/bs\/wp-json\/wp\/v2\/pages\/3877\/revisions\/4407"}],"wp:attachment":[{"href":"https:\/\/kapetanovina.com\/bs\/wp-json\/wp\/v2\/media?parent=3877"}],"curies":[{"name":"wp","href":"https:\/\/api.w.org\/{rel}","templated":true}]}}