{"id":3840,"date":"2016-12-21T09:54:46","date_gmt":"2016-12-21T08:54:46","guid":{"rendered":"http:\/\/kapetanovina.com\/destinacije\/stolac\/"},"modified":"2016-12-29T10:05:35","modified_gmt":"2016-12-29T09:05:35","slug":"stolac","status":"publish","type":"page","link":"https:\/\/kapetanovina.com\/bs\/destinacije\/stolac\/","title":{"rendered":"Stolac"},"content":{"rendered":"<p>[vc_row][vc_column width=&#8221;1\/2&#8221;][vc_column_text]<\/p>\n<h3 style=\"text-align: left;\">Osvje\u017ei se historijom<\/h3>\n<p style=\"text-align: justify;\">Stolac je grad smje\u0161ten u jugoisto\u010dnom dijelu Bosne i Hercegovine, na krajnjem istoku Her\u00adcegova\u010dko-neretvanskog kantona. Grad je nastao na obalama rijeke Bregave, a okru\u00ad\u017euju ga planina Hrgud te Vidovo polje s okolnim mjestima koja su ispisana perom bogate kulturne pro\u0161losti. Prilaz Stocu sa zapadne strane \u010dini Du\u00adbravska visoravan, koja je specifi\u010dna i poznata po breskvi i po dubravskom vinogorju po kojem su poznata stola\u010dka vina.<\/p>\n<p style=\"text-align: justify;\">Stola\u010dko podru\u010dje je svojim mediteranskim \u0161ar\u00admom, dobrom vodom, blagim nebom, pitomim krajolikom i skladom prirodnih ljepota, privla\u010dilo ljude jo\u0161 od prahistorijskih vremena. Iliri i gr\u010dki pomorci, rimski patriciji, isto\u010dno gotski osvajaci, slavenski velikodostojnici, osmanski plemi\u0107i, venecijanske vojskovo\u0111e, austrougarski namjesnici, te mnogi poklonici sunca, svje\u017eine rijeke Bregave, kulturno historijskih valera i tajnovitih poruka iz proteklih vijekova, ostavili su ovdje svoj trag: gradine i grobove, imena na plo\u010dama-poruke za one koji \u0107e za njima do\u0107i.<\/p>\n<p style=\"text-align: justify;\">Stolac je prostor s najduljom i najrasko\u0161nijom historijom gradskog \u017eivota u Bosni i Hercegovini, a spada u malu skupinu balkanskih prostora na kojima su sa\u010duvana materijalna svjedo\u010denja o urbanim oblicima \u017eivota kroz razdoblje dugo preko 3.500 godina, koliko su stari posljednji poznati nalazi ilirskog grada Daorsona.<\/p>\n<p>[\/vc_column_text][\/vc_column][vc_column width=&#8221;1\/2&#8221;][vc_single_image image=&#8221;3788&#8221; img_size=&#8221;full&#8221; css=&#8221;.vc_custom_1482229540476{padding-top: 10px !important;}&#8221;][\/vc_column][\/vc_row]<\/p>\n","protected":false},"excerpt":{"rendered":"<p>[vc_row][vc_column width=&#8221;1\/2&#8221;][vc_column_text] Osvje\u017ei se historijom Stolac je grad smje\u0161ten u jugoisto\u010dnom dijelu Bosne i Hercegovine, na krajnjem istoku Her\u00adcegova\u010dko-neretvanskog kantona. [&hellip;]<\/p>\n","protected":false},"author":2,"featured_media":0,"parent":3812,"menu_order":0,"comment_status":"closed","ping_status":"closed","template":"","meta":{"footnotes":""},"class_list":["post-3840","page","type-page","status-publish","hentry"],"_links":{"self":[{"href":"https:\/\/kapetanovina.com\/bs\/wp-json\/wp\/v2\/pages\/3840","targetHints":{"allow":["GET"]}}],"collection":[{"href":"https:\/\/kapetanovina.com\/bs\/wp-json\/wp\/v2\/pages"}],"about":[{"href":"https:\/\/kapetanovina.com\/bs\/wp-json\/wp\/v2\/types\/page"}],"author":[{"embeddable":true,"href":"https:\/\/kapetanovina.com\/bs\/wp-json\/wp\/v2\/users\/2"}],"replies":[{"embeddable":true,"href":"https:\/\/kapetanovina.com\/bs\/wp-json\/wp\/v2\/comments?post=3840"}],"version-history":[{"count":6,"href":"https:\/\/kapetanovina.com\/bs\/wp-json\/wp\/v2\/pages\/3840\/revisions"}],"predecessor-version":[{"id":4269,"href":"https:\/\/kapetanovina.com\/bs\/wp-json\/wp\/v2\/pages\/3840\/revisions\/4269"}],"up":[{"embeddable":true,"href":"https:\/\/kapetanovina.com\/bs\/wp-json\/wp\/v2\/pages\/3812"}],"wp:attachment":[{"href":"https:\/\/kapetanovina.com\/bs\/wp-json\/wp\/v2\/media?parent=3840"}],"curies":[{"name":"wp","href":"https:\/\/api.w.org\/{rel}","templated":true}]}}