{"id":3838,"date":"2016-12-21T09:54:11","date_gmt":"2016-12-21T08:54:11","guid":{"rendered":"http:\/\/kapetanovina.com\/destinacije\/ravno\/"},"modified":"2016-12-29T09:44:30","modified_gmt":"2016-12-29T08:44:30","slug":"ravno","status":"publish","type":"page","link":"https:\/\/kapetanovina.com\/bs\/destinacije\/ravno\/","title":{"rendered":"Ravno"},"content":{"rendered":"<p>[vc_row][vc_column width=&#8221;1\/2&#8221;][vc_column_text]<\/p>\n<h3 style=\"text-align: left;\">Speleolo\u0161ki parki prirode<\/h3>\n<p style=\"text-align: justify;\">Op\u0107ina Ravno se nalazi u ju\u017enoj Hercegovini. Udaljeno je od jadranske obale samo 12 km. Naslonjena je na Dubrova\u010dko primorje i obuhvata bogato plodno Popovo polje kroz kojeg protje\u010de Trebi\u0161njica, najdu\u017ea rijeka ponornica na svijetu (96 km).<\/p>\n<p style=\"text-align: justify;\">Mjesto se nalazi u speleolo\u0161kom parku prirode, na su\u010delju podzemnih vodotoka jadranskog sliva. Ovaj kraj je izuzetno bogat vodom i Popovo polje je pogodno za razvoj poljoprivrede.<br \/>\nZahvaljuju\u0107i o\u010duvanoj prirodi ovo mjesto u zale\u0111u Jadrana je pogodno za razvoj eko turizma. Veoma poznata turisti\u010dka atrakcija je pe\u0107ina Vjetrenica, \u010diji obilazak u izletni\u010dkim aran\u017eamanima, turistima predstavlja jedinstveni do\u017eivljaj.<\/p>\n<p>[\/vc_column_text][\/vc_column][vc_column width=&#8221;1\/2&#8221;][vc_single_image image=&#8221;3785&#8221; img_size=&#8221;full&#8221;][\/vc_column][\/vc_row]<\/p>\n","protected":false},"excerpt":{"rendered":"<p>[vc_row][vc_column width=&#8221;1\/2&#8221;][vc_column_text] Speleolo\u0161ki parki prirode Op\u0107ina Ravno se nalazi u ju\u017enoj Hercegovini. Udaljeno je od jadranske obale samo 12 km. [&hellip;]<\/p>\n","protected":false},"author":2,"featured_media":0,"parent":3812,"menu_order":0,"comment_status":"closed","ping_status":"closed","template":"","meta":{"footnotes":""},"class_list":["post-3838","page","type-page","status-publish","hentry"],"_links":{"self":[{"href":"https:\/\/kapetanovina.com\/bs\/wp-json\/wp\/v2\/pages\/3838","targetHints":{"allow":["GET"]}}],"collection":[{"href":"https:\/\/kapetanovina.com\/bs\/wp-json\/wp\/v2\/pages"}],"about":[{"href":"https:\/\/kapetanovina.com\/bs\/wp-json\/wp\/v2\/types\/page"}],"author":[{"embeddable":true,"href":"https:\/\/kapetanovina.com\/bs\/wp-json\/wp\/v2\/users\/2"}],"replies":[{"embeddable":true,"href":"https:\/\/kapetanovina.com\/bs\/wp-json\/wp\/v2\/comments?post=3838"}],"version-history":[{"count":4,"href":"https:\/\/kapetanovina.com\/bs\/wp-json\/wp\/v2\/pages\/3838\/revisions"}],"predecessor-version":[{"id":4267,"href":"https:\/\/kapetanovina.com\/bs\/wp-json\/wp\/v2\/pages\/3838\/revisions\/4267"}],"up":[{"embeddable":true,"href":"https:\/\/kapetanovina.com\/bs\/wp-json\/wp\/v2\/pages\/3812"}],"wp:attachment":[{"href":"https:\/\/kapetanovina.com\/bs\/wp-json\/wp\/v2\/media?parent=3838"}],"curies":[{"name":"wp","href":"https:\/\/api.w.org\/{rel}","templated":true}]}}