{"id":3832,"date":"2016-12-21T09:51:51","date_gmt":"2016-12-21T08:51:51","guid":{"rendered":"http:\/\/kapetanovina.com\/destinacije\/neum\/"},"modified":"2016-12-29T10:10:07","modified_gmt":"2016-12-29T09:10:07","slug":"neum","status":"publish","type":"page","link":"https:\/\/kapetanovina.com\/bs\/destinacije\/neum\/","title":{"rendered":"Neum"},"content":{"rendered":"<p>[vc_row][vc_column width=&#8221;1\/2&#8221;][vc_column_text]<\/p>\n<h3 style=\"text-align: left;\">Plava oaza<\/h3>\n<p style=\"text-align: justify;\">Neum je grad, turisti\u010dko naselje i jedino op\u0107insko sredi\u0161te na Jadranskoj obali smje\u0161teno na brdovitom priobalju na glavnoj magistrali izme\u0111u Dubrovnika (70 km) i Makarske (80 km).<\/p>\n<p style=\"text-align: justify;\">Mediteranska klima s puno sun\u010danih dana u godini \u010dini ga po\u017eeljnom turisti\u010dkom destinacijom kroz cijelu godinu. \u010cisti primorski zrak, \u0161etnja obalom, no\u0107na zabava, sportovi na vodi ostat \u0107e vam dugo u lijepom sje\u0107anju. Hercegova\u010dka izvorna kuhinja i razni morski specijaliteti od ribe, rakova, \u0161koljki samo su dio bogate gastro ponude u hotelima (&#8220;Sunce&#8221;,&#8221;Neum&#8221;, &#8220;Zenit&#8221;, &#8220;Stella&#8221;) kao i u drugih desetak porodi\u010dnih hotela i motela. Zale\u0111e Neuma je bogato nasadima maslina i vinograda, idealno podru\u010dje za ljubitelje agroturizma.<\/p>\n<p style=\"text-align: justify;\">U Neumu se svakog ljeta, u drugoj polovici avgusta odr\u017eava tradicionalni Hrvatski glazbeni muzi\u010dki festival &#8220;Etno fest Neum&#8221;.<br \/>\nNeum raspola\u017ee sa savremenim sportskim centrom, pogodnim za pripreme fudbalskih ekipa u zimskom periodu. U Neumu je vrlo aktivna i Muzej\/Galerija sa velikim brojem slika.<\/p>\n<p>[\/vc_column_text][\/vc_column][vc_column width=&#8221;1\/2&#8221;][vc_single_image image=&#8221;3774&#8221; img_size=&#8221;full&#8221; css=&#8221;.vc_custom_1482228679124{padding-top: 20px !important;}&#8221;][\/vc_column][\/vc_row]<\/p>\n","protected":false},"excerpt":{"rendered":"<p>[vc_row][vc_column width=&#8221;1\/2&#8221;][vc_column_text] Plava oaza Neum je grad, turisti\u010dko naselje i jedino op\u0107insko sredi\u0161te na Jadranskoj obali smje\u0161teno na brdovitom priobalju [&hellip;]<\/p>\n","protected":false},"author":2,"featured_media":0,"parent":3812,"menu_order":0,"comment_status":"closed","ping_status":"closed","template":"","meta":{"footnotes":""},"class_list":["post-3832","page","type-page","status-publish","hentry"],"_links":{"self":[{"href":"https:\/\/kapetanovina.com\/bs\/wp-json\/wp\/v2\/pages\/3832","targetHints":{"allow":["GET"]}}],"collection":[{"href":"https:\/\/kapetanovina.com\/bs\/wp-json\/wp\/v2\/pages"}],"about":[{"href":"https:\/\/kapetanovina.com\/bs\/wp-json\/wp\/v2\/types\/page"}],"author":[{"embeddable":true,"href":"https:\/\/kapetanovina.com\/bs\/wp-json\/wp\/v2\/users\/2"}],"replies":[{"embeddable":true,"href":"https:\/\/kapetanovina.com\/bs\/wp-json\/wp\/v2\/comments?post=3832"}],"version-history":[{"count":6,"href":"https:\/\/kapetanovina.com\/bs\/wp-json\/wp\/v2\/pages\/3832\/revisions"}],"predecessor-version":[{"id":4276,"href":"https:\/\/kapetanovina.com\/bs\/wp-json\/wp\/v2\/pages\/3832\/revisions\/4276"}],"up":[{"embeddable":true,"href":"https:\/\/kapetanovina.com\/bs\/wp-json\/wp\/v2\/pages\/3812"}],"wp:attachment":[{"href":"https:\/\/kapetanovina.com\/bs\/wp-json\/wp\/v2\/media?parent=3832"}],"curies":[{"name":"wp","href":"https:\/\/api.w.org\/{rel}","templated":true}]}}