{"id":3830,"date":"2016-12-21T09:51:29","date_gmt":"2016-12-21T08:51:29","guid":{"rendered":"http:\/\/kapetanovina.com\/destinacije\/mostar\/"},"modified":"2016-12-29T10:12:39","modified_gmt":"2016-12-29T09:12:39","slug":"mostar","status":"publish","type":"page","link":"https:\/\/kapetanovina.com\/bs\/destinacije\/mostar\/","title":{"rendered":"Mostar"},"content":{"rendered":"<p>[vc_row][vc_column width=&#8221;1\/2&#8221;][vc_column_text]<\/p>\n<p style=\"text-align: justify;\">Mostar je glavno kulturno, politi\u010dko i financijsko sredi\u0161te Hercegovine. Ve\u0107 na prvi do\u017eivljaj ovog prekrasnog grada osjetit \u0107ete mno\u0161tvo razli\u010ditosti koje ga \u010dine posebnim. Njegova dra\u017e je u tome \u0161to se u njegove ulice utkao duh razli\u010ditih civilizacija koje su ovdje boravile, duh koji se osje\u0107a u mno\u0161tvu mladih gostoljubljivih ljudi kao i arhitektonskim zdanjima. Ovaj univerzitetski centar regije oduvijek je bio i ostao &#8211; grad mostova i grad mladosti.<\/p>\n<p style=\"text-align: justify;\">\u010cuveni nobelovac Ivo Andri\u0107 je napisao: &#8220;Kad \u010dovjek preno\u0107i u Mostaru, nije zvuk ono \u0161to ga ujutro budi nego svjetlost&#8221;. Mostar je grad cvije\u0107a, zelenila i bezbroj puta opjevanog behara koji ve\u0107 u februaru zna procvasti i na\u010diniti \u010dudnovato lijepu i nestvarnu sliku koja nadahnjuje. Mostar ima specifi\u010dnu i rijetko ugodnu mediteransku klimu. Udaljen je svega 60 km od Jadranskog mora.<\/p>\n<p style=\"text-align: justify;\">U gradu i njegovoj blizini se nalaze jedinstveni lokaliteti kulturno-historijskog blaga od kojih treba posebno istaknuti kameni srednjovjekovni Stari most, koji spaja lijevu i desnu obalu hercegova\u010dkog bisera &#8211; rijeke Neretve. Pojedini historijski ostaci svjedo\u010de o kontinuiranom \u017eivotu na ovom prostoru od anti\u010dkog vremena. Najstariji pisani dokument o Mostaru datira iz IX vijeka.<\/p>\n<p style=\"text-align: justify;\">Kao grad posjeduje kompletnu prostornu infrastrukturu, cestovni i \u017eeljezni\u010dki saobra\u0107aj i moderni aerodrom. Mno\u0161tvo prekrasnih parkova, sportskih terena, muzeja, galerija i klubova \u010dine ga za \u017eivot idealnim, ljudima nudi pozitivna ushi\u0107enja koja se dugo pamte.<\/p>\n<p>[\/vc_column_text][\/vc_column][vc_column width=&#8221;1\/2&#8221;][vc_single_image image=&#8221;3765&#8221; img_size=&#8221;full&#8221; alignment=&#8221;center&#8221;][vc_single_image image=&#8221;3966&#8221; img_size=&#8221;540&#215;304&#8221; alignment=&#8221;center&#8221;][\/vc_column][\/vc_row]<\/p>\n","protected":false},"excerpt":{"rendered":"<p>[vc_row][vc_column width=&#8221;1\/2&#8221;][vc_column_text] Mostar je glavno kulturno, politi\u010dko i financijsko sredi\u0161te Hercegovine. Ve\u0107 na prvi do\u017eivljaj ovog prekrasnog grada osjetit \u0107ete [&hellip;]<\/p>\n","protected":false},"author":2,"featured_media":0,"parent":3812,"menu_order":0,"comment_status":"closed","ping_status":"closed","template":"","meta":{"footnotes":""},"class_list":["post-3830","page","type-page","status-publish","hentry"],"_links":{"self":[{"href":"https:\/\/kapetanovina.com\/bs\/wp-json\/wp\/v2\/pages\/3830","targetHints":{"allow":["GET"]}}],"collection":[{"href":"https:\/\/kapetanovina.com\/bs\/wp-json\/wp\/v2\/pages"}],"about":[{"href":"https:\/\/kapetanovina.com\/bs\/wp-json\/wp\/v2\/types\/page"}],"author":[{"embeddable":true,"href":"https:\/\/kapetanovina.com\/bs\/wp-json\/wp\/v2\/users\/2"}],"replies":[{"embeddable":true,"href":"https:\/\/kapetanovina.com\/bs\/wp-json\/wp\/v2\/comments?post=3830"}],"version-history":[{"count":9,"href":"https:\/\/kapetanovina.com\/bs\/wp-json\/wp\/v2\/pages\/3830\/revisions"}],"predecessor-version":[{"id":4277,"href":"https:\/\/kapetanovina.com\/bs\/wp-json\/wp\/v2\/pages\/3830\/revisions\/4277"}],"up":[{"embeddable":true,"href":"https:\/\/kapetanovina.com\/bs\/wp-json\/wp\/v2\/pages\/3812"}],"wp:attachment":[{"href":"https:\/\/kapetanovina.com\/bs\/wp-json\/wp\/v2\/media?parent=3830"}],"curies":[{"name":"wp","href":"https:\/\/api.w.org\/{rel}","templated":true}]}}