{"id":3828,"date":"2016-12-21T09:50:53","date_gmt":"2016-12-21T08:50:53","guid":{"rendered":"http:\/\/kapetanovina.com\/destinacije\/medjugorje\/"},"modified":"2016-12-29T10:14:46","modified_gmt":"2016-12-29T09:14:46","slug":"medjugorje","status":"publish","type":"page","link":"https:\/\/kapetanovina.com\/bs\/destinacije\/medjugorje\/","title":{"rendered":"Medjugorje"},"content":{"rendered":"<p>[vc_row][vc_column width=&#8221;1\/2&#8221;][vc_column_text]<\/p>\n<h3 style=\"text-align: left;\">Mjesto molitve i mira<\/h3>\n<p style=\"text-align: justify;\">Me\u0111ugorje je marijansko i svjetsko molitveno sredi\u0161te koje se \u010desto uspore\u0111uje sa Lourdesom i Fatimom. U prvih 20 godina Me\u0111ugorje je posjetilo 20 milijuna hodo\u010dasnika i svake godine je sve vi\u0161e onih koji dolaze i onih koji svjedo\u010de da su upravo ovdje u srcu Hercegovine u Me\u0111ugorju napokon prona\u0161li mir i vjeru.<\/p>\n<p style=\"text-align: justify;\">Bla\u017eena Marija Djevica se ukazala djeci prvi put, njih \u0161estero 24. 06. 1981. Po jednodu\u0161nom svjedo\u010danstvu vidjelaca, Gospa preko njih prenosi vjernicima poruke mira, ljubavi, vjere, posta, molitve i obra\u0107enja. Svaki hodo\u010dasnik posjeti \u017eupnu crkvu sv. Jakova koja se nalazi u sredi\u0161tu mjesta, Brdo ukazanja u Bijakovi\u0107ima &#8211; mjesto na kojemu se prvi put ukazala Gospa, Kri\u017eevac brdo na kojemu se nalazi veliki Kri\u017e iz 1993. godine., Vrt sv. Franje, Maj\u010dino selo i Zajednica Cenacolo.<\/p>\n<p style=\"text-align: justify;\">Me\u0111ugorje je najve\u0107e turisti\u010dko i hodo\u010dasni\u010dko sredi\u0161te Bosne i Hercegovine i radi toga je u njemu mno\u0161tvo razli\u010ditosti \u0161to ga po tome \u010dini i najbogatijim sredi\u0161tem u regiji. Me\u0111ugorje je veliki svjedok da te razli\u010ditosti u molitvi mogu postati velika snaga koja mo\u017ee preobratiti ljude i svijet.<\/p>\n<p style=\"text-align: justify;\">Ova \u010dinjenica ukazuje na to da je mjesto posebno, tolerantno i skladno, da su mje\u0161tani na visokom stupnju gostoljubljivosti i kulture. Me\u0111ugorje je jedna privla\u010dna atrakcija i za obi\u010dnog turistu i slu\u010dajnog prolaznika, koji se \u017eeli uvjeriti u nove mogu\u0107nosti \u017eivota i po tome jedinstveno mjesto u ovom dijelu Europe.<\/p>\n<p>[\/vc_column_text][\/vc_column][vc_column width=&#8221;1\/2&#8221;][vc_single_image image=&#8221;3751&#8221; img_size=&#8221;full&#8221; alignment=&#8221;center&#8221;][vc_single_image image=&#8221;3753&#8221; img_size=&#8221;full&#8221; alignment=&#8221;center&#8221;][\/vc_column][\/vc_row]<\/p>\n","protected":false},"excerpt":{"rendered":"<p>[vc_row][vc_column width=&#8221;1\/2&#8221;][vc_column_text] Mjesto molitve i mira Me\u0111ugorje je marijansko i svjetsko molitveno sredi\u0161te koje se \u010desto uspore\u0111uje sa Lourdesom i [&hellip;]<\/p>\n","protected":false},"author":2,"featured_media":0,"parent":3812,"menu_order":0,"comment_status":"closed","ping_status":"closed","template":"","meta":{"footnotes":""},"class_list":["post-3828","page","type-page","status-publish","hentry"],"_links":{"self":[{"href":"https:\/\/kapetanovina.com\/bs\/wp-json\/wp\/v2\/pages\/3828","targetHints":{"allow":["GET"]}}],"collection":[{"href":"https:\/\/kapetanovina.com\/bs\/wp-json\/wp\/v2\/pages"}],"about":[{"href":"https:\/\/kapetanovina.com\/bs\/wp-json\/wp\/v2\/types\/page"}],"author":[{"embeddable":true,"href":"https:\/\/kapetanovina.com\/bs\/wp-json\/wp\/v2\/users\/2"}],"replies":[{"embeddable":true,"href":"https:\/\/kapetanovina.com\/bs\/wp-json\/wp\/v2\/comments?post=3828"}],"version-history":[{"count":4,"href":"https:\/\/kapetanovina.com\/bs\/wp-json\/wp\/v2\/pages\/3828\/revisions"}],"predecessor-version":[{"id":4253,"href":"https:\/\/kapetanovina.com\/bs\/wp-json\/wp\/v2\/pages\/3828\/revisions\/4253"}],"up":[{"embeddable":true,"href":"https:\/\/kapetanovina.com\/bs\/wp-json\/wp\/v2\/pages\/3812"}],"wp:attachment":[{"href":"https:\/\/kapetanovina.com\/bs\/wp-json\/wp\/v2\/media?parent=3828"}],"curies":[{"name":"wp","href":"https:\/\/api.w.org\/{rel}","templated":true}]}}