{"id":3826,"date":"2016-12-21T09:50:26","date_gmt":"2016-12-21T08:50:26","guid":{"rendered":"http:\/\/kapetanovina.com\/destinacije\/konjic\/"},"modified":"2016-12-29T09:24:56","modified_gmt":"2016-12-29T08:24:56","slug":"konjic","status":"publish","type":"page","link":"https:\/\/kapetanovina.com\/bs\/destinacije\/konjic\/","title":{"rendered":"Konjic"},"content":{"rendered":"<p>[vc_row][vc_column width=&#8221;1\/2&#8221;][vc_column_text]<\/p>\n<h3 style=\"text-align: left;\">U zagrljaju planina<\/h3>\n<p style=\"text-align: justify;\">Konjic je grad i sredi\u0161te istoimene op\u0107ine na krajnjem sjeveru planinske Hercegovine, u centralnom dijelu Bosne i Hercegovine. Grad je 1991. brojao oko 14.500, a op\u0107ina blizu 45.000 stanovnika. Op\u0107inu Konjic karakteri\u0161e povr\u0161ina od 1400 km2, po kojoj je najve\u0107a u Federaciji Bosne i Hercegovine.<br \/>\nBogatstvo op\u0107ine su poljoprivredno i \u0161umsko zemlji\u0161te, ogromni vodeni potencijal, velike zalihe rude pirofilita, turisti\u010dki kapaciteti i dr. Konjic je atraktivan zbog bogate prirode koja u potpunosti okru\u017euje grad.<\/p>\n<p style=\"text-align: justify;\">Rijeka Neretva te\u010de kroz sam centar. Stari grad je veoma lijep za \u0161etnju, kao i centar grada iz kojeg se u svakom pravcu pru\u017ea interesantan vidik na okolnu prirodu. Dok ste u Konjicu, obavezno pro\u0161e\u0107ite obnovljenom Kamenom \u0107uprijom, sagra\u0111enom 1682.g. Od po\u010detka 1900. godine Konjic je poznat po svom drvorezbarstvu. Sredi\u0161te turisti\u010dke ponude Konjica je zasigurno Bora\u010dko jezero i dolina Glavati\u010devo.<\/p>\n<p style=\"text-align: justify;\">Ve\u0107ina aktivnosti u prirodi kre\u0107e odavde: planinarenje, logorovanje, rafting, seoski turizam, vo\u017enja kajakom ili kanuom, planinski biciklizam pa \u010dak i paragliding. Najsjeverniji grad Hercegovine nikad nije bio ni \u201eprava Hercegovina&#8221; niti \u201eprava Bosna&#8221;, ve\u0107 ne\u0161to zaista unikatno i neponovljivo. Okupan toplim hercegova\u010dkim suncem do\u010dekivao je doseljenike iz raznih krajeva svijeta, pru\u017eao im udoban dom i pazio ih, hranio ih i \u0161kolovao, a oni su mu vra\u0107ali svom ljubavlju koju bi utkali u gra\u0111evine i gradske ulice.<\/p>\n<p>[\/vc_column_text][\/vc_column][vc_column width=&#8221;1\/2&#8221;][vc_single_image image=&#8221;3746&#8221; img_size=&#8221;full&#8221; alignment=&#8221;center&#8221;][vc_single_image image=&#8221;3745&#8221; img_size=&#8221;full&#8221; alignment=&#8221;center&#8221;][\/vc_column][\/vc_row]<\/p>\n","protected":false},"excerpt":{"rendered":"<p>[vc_row][vc_column width=&#8221;1\/2&#8221;][vc_column_text] U zagrljaju planina Konjic je grad i sredi\u0161te istoimene op\u0107ine na krajnjem sjeveru planinske Hercegovine, u centralnom dijelu [&hellip;]<\/p>\n","protected":false},"author":2,"featured_media":0,"parent":3812,"menu_order":0,"comment_status":"closed","ping_status":"closed","template":"","meta":{"footnotes":""},"class_list":["post-3826","page","type-page","status-publish","hentry"],"_links":{"self":[{"href":"https:\/\/kapetanovina.com\/bs\/wp-json\/wp\/v2\/pages\/3826","targetHints":{"allow":["GET"]}}],"collection":[{"href":"https:\/\/kapetanovina.com\/bs\/wp-json\/wp\/v2\/pages"}],"about":[{"href":"https:\/\/kapetanovina.com\/bs\/wp-json\/wp\/v2\/types\/page"}],"author":[{"embeddable":true,"href":"https:\/\/kapetanovina.com\/bs\/wp-json\/wp\/v2\/users\/2"}],"replies":[{"embeddable":true,"href":"https:\/\/kapetanovina.com\/bs\/wp-json\/wp\/v2\/comments?post=3826"}],"version-history":[{"count":3,"href":"https:\/\/kapetanovina.com\/bs\/wp-json\/wp\/v2\/pages\/3826\/revisions"}],"predecessor-version":[{"id":4251,"href":"https:\/\/kapetanovina.com\/bs\/wp-json\/wp\/v2\/pages\/3826\/revisions\/4251"}],"up":[{"embeddable":true,"href":"https:\/\/kapetanovina.com\/bs\/wp-json\/wp\/v2\/pages\/3812"}],"wp:attachment":[{"href":"https:\/\/kapetanovina.com\/bs\/wp-json\/wp\/v2\/media?parent=3826"}],"curies":[{"name":"wp","href":"https:\/\/api.w.org\/{rel}","templated":true}]}}