{"id":3824,"date":"2016-12-21T09:49:59","date_gmt":"2016-12-21T08:49:59","guid":{"rendered":"http:\/\/kapetanovina.com\/destinacije\/jablanica\/"},"modified":"2016-12-29T10:02:24","modified_gmt":"2016-12-29T09:02:24","slug":"jablanica","status":"publish","type":"page","link":"https:\/\/kapetanovina.com\/bs\/destinacije\/jablanica\/","title":{"rendered":"Jablanica"},"content":{"rendered":"<p>[vc_row][vc_column width=&#8221;1\/2&#8221;][vc_column_text]<\/p>\n<h3 style=\"text-align: left;\">U kanjonu Neretve<\/h3>\n<p style=\"text-align: justify;\">Jablanica pripada gornjem regionu Hercegovine. Nalazi se ispod planina \u010cvrsnica i Prenj, prirodnih granica mediteranske i kontinentalne klime. Kroz centar grada proti\u010de rijeka Neretva.<\/p>\n<p style=\"text-align: justify;\">Prirodni resursi ove op\u0107ine su ogromni i neiskori\u0161teni i predstavljaju dobar oslonac za turisti\u010dki razvoj. Jablani\u010dko jezero, planine Prenj i \u010cvrsnica, skijali\u0161te Risovac, kanjon rijeke Neretve su prirodne ljepote kojih \u0107e te se dugo sje\u0107ati.<\/p>\n<p style=\"text-align: justify;\">Jablani\u010dko jezero pru\u017ea mogu\u0107nost za bavljenje sportovima na mirnim vodama, a kanjonom Neretve mo\u017eete u\u017eivati u kajaku i raftingu. Planine Prenj i \u010cvrsnica su idealne za sportski lov i planinarenje, Risovac nudi sadr\u017eaje zimskog turizma i nalazi se u okviru Parka prirode Blidinje.<\/p>\n<p>[\/vc_column_text][\/vc_column][vc_column width=&#8221;1\/2&#8221;][vc_single_image image=&#8221;3733&#8221; img_size=&#8221;full&#8221; css=&#8221;.vc_custom_1482222247039{padding-top: 20px !important;}&#8221;][\/vc_column][\/vc_row]<\/p>\n","protected":false},"excerpt":{"rendered":"<p>[vc_row][vc_column width=&#8221;1\/2&#8221;][vc_column_text] U kanjonu Neretve Jablanica pripada gornjem regionu Hercegovine. Nalazi se ispod planina \u010cvrsnica i Prenj, prirodnih granica mediteranske [&hellip;]<\/p>\n","protected":false},"author":2,"featured_media":0,"parent":3812,"menu_order":0,"comment_status":"closed","ping_status":"closed","template":"","meta":{"footnotes":""},"class_list":["post-3824","page","type-page","status-publish","hentry"],"_links":{"self":[{"href":"https:\/\/kapetanovina.com\/bs\/wp-json\/wp\/v2\/pages\/3824","targetHints":{"allow":["GET"]}}],"collection":[{"href":"https:\/\/kapetanovina.com\/bs\/wp-json\/wp\/v2\/pages"}],"about":[{"href":"https:\/\/kapetanovina.com\/bs\/wp-json\/wp\/v2\/types\/page"}],"author":[{"embeddable":true,"href":"https:\/\/kapetanovina.com\/bs\/wp-json\/wp\/v2\/users\/2"}],"replies":[{"embeddable":true,"href":"https:\/\/kapetanovina.com\/bs\/wp-json\/wp\/v2\/comments?post=3824"}],"version-history":[{"count":4,"href":"https:\/\/kapetanovina.com\/bs\/wp-json\/wp\/v2\/pages\/3824\/revisions"}],"predecessor-version":[{"id":4274,"href":"https:\/\/kapetanovina.com\/bs\/wp-json\/wp\/v2\/pages\/3824\/revisions\/4274"}],"up":[{"embeddable":true,"href":"https:\/\/kapetanovina.com\/bs\/wp-json\/wp\/v2\/pages\/3812"}],"wp:attachment":[{"href":"https:\/\/kapetanovina.com\/bs\/wp-json\/wp\/v2\/media?parent=3824"}],"curies":[{"name":"wp","href":"https:\/\/api.w.org\/{rel}","templated":true}]}}