{"id":3822,"date":"2016-12-21T09:49:30","date_gmt":"2016-12-21T08:49:30","guid":{"rendered":"http:\/\/kapetanovina.com\/destinacije\/citluk\/"},"modified":"2016-12-29T10:01:01","modified_gmt":"2016-12-29T09:01:01","slug":"citluk","status":"publish","type":"page","link":"https:\/\/kapetanovina.com\/bs\/destinacije\/citluk\/","title":{"rendered":"\u010citluk"},"content":{"rendered":"<p>[vc_row][vc_column width=&#8221;1\/2&#8221;][vc_column_text]<\/p>\n<h3 style=\"text-align: left;\">Grad gro\u017e\u0111a i vina<\/h3>\n<p style=\"text-align: justify;\">Kr\u0161ovita visoravan Brotnjo ili op\u0107ina \u010citluk je kolijevka vinogradarstva i vinarstva Bosne i Hercegovine. Skoro svaka obitelj u ovoj op\u0107ini posjeduje vlastiti vinograd i vlastita vina. U pravom smislu rije\u010di u ovoj idili\u010dnoj op\u0107ini, gospodarski jednoj od najrazvijenijih u Bosni i Hercegovini, posebno je izra\u017eena tradicionalna veza izme\u0111u \u010dovjeka i vinove loze. Ovdje se loza obra\u0111uje vjekovima i pije najbolje vino \u017dilavka i Blatina, a gosti se do\u010dekuju iz ljubavi. Vinska cesta Hercegovine sa sloganom &#8220;S vinom kroz vrijeme&#8221; je otvorila vrata svim ljubiteljima vina i tradicionalnog na\u010dina \u017eivota.<\/p>\n<p style=\"text-align: justify;\">Pored hotela, sportskih objekata, vrhunskih restorana, muzeja i galerija stoje Vam na raspolaganju \u010detrnaest bro\u0107anskih vinskih podruma, gdje \u0107ete degustirati najbolja bosanskohercegova\u010dka vina, upoznati radi\u0161ne stanovnike i njihov na\u010din \u017eivota te kulturno i historijsko naslije\u0111e ovoga kraja. Doma\u0107in \u0107e Vas po\u010dastiti tradicionalnim jelima koja u sebi nose mirise davnih vremena. Ako iznad svega po\u0161tujete prirodu i iskreno dru\u017eenje, ako tra\u017eite mir u idili\u010dnim prizorima, ako \u017eelite uvijek spoznati ne\u0161to novo i odmoriti se, ako u\u017eivate u ispijanju kapljica vrhunskih vina i ku\u0161anju tradicionalnih jela onda je Vinska cesta Hercegovine prava cesta koja \u0107e Vas &#8220;provesti kroz vrijeme&#8221; s \u010da\u0161icom vrhunskog vina u ruci.<\/p>\n<p>[\/vc_column_text][\/vc_column][vc_column width=&#8221;1\/2&#8221; css=&#8221;.vc_custom_1482221488451{padding-top: 25px !important;}&#8221;][vc_single_image image=&#8221;3727&#8221; img_size=&#8221;full&#8221; css=&#8221;.vc_custom_1482221945202{padding-top: 20px !important;}&#8221;][\/vc_column][\/vc_row]<\/p>\n","protected":false},"excerpt":{"rendered":"<p>[vc_row][vc_column width=&#8221;1\/2&#8221;][vc_column_text] Grad gro\u017e\u0111a i vina Kr\u0161ovita visoravan Brotnjo ili op\u0107ina \u010citluk je kolijevka vinogradarstva i vinarstva Bosne i Hercegovine. [&hellip;]<\/p>\n","protected":false},"author":2,"featured_media":0,"parent":3812,"menu_order":0,"comment_status":"closed","ping_status":"closed","template":"","meta":{"footnotes":""},"class_list":["post-3822","page","type-page","status-publish","hentry"],"_links":{"self":[{"href":"https:\/\/kapetanovina.com\/bs\/wp-json\/wp\/v2\/pages\/3822","targetHints":{"allow":["GET"]}}],"collection":[{"href":"https:\/\/kapetanovina.com\/bs\/wp-json\/wp\/v2\/pages"}],"about":[{"href":"https:\/\/kapetanovina.com\/bs\/wp-json\/wp\/v2\/types\/page"}],"author":[{"embeddable":true,"href":"https:\/\/kapetanovina.com\/bs\/wp-json\/wp\/v2\/users\/2"}],"replies":[{"embeddable":true,"href":"https:\/\/kapetanovina.com\/bs\/wp-json\/wp\/v2\/comments?post=3822"}],"version-history":[{"count":5,"href":"https:\/\/kapetanovina.com\/bs\/wp-json\/wp\/v2\/pages\/3822\/revisions"}],"predecessor-version":[{"id":4273,"href":"https:\/\/kapetanovina.com\/bs\/wp-json\/wp\/v2\/pages\/3822\/revisions\/4273"}],"up":[{"embeddable":true,"href":"https:\/\/kapetanovina.com\/bs\/wp-json\/wp\/v2\/pages\/3812"}],"wp:attachment":[{"href":"https:\/\/kapetanovina.com\/bs\/wp-json\/wp\/v2\/media?parent=3822"}],"curies":[{"name":"wp","href":"https:\/\/api.w.org\/{rel}","templated":true}]}}