{"id":3836,"date":"2016-12-21T09:53:29","date_gmt":"2016-12-21T08:53:29","guid":{"rendered":"http:\/\/kapetanovina.com\/destinacije\/prozor-rama\/"},"modified":"2016-12-29T09:42:06","modified_gmt":"2016-12-29T08:42:06","slug":"prozor-rama","status":"publish","type":"page","link":"http:\/\/kapetanovina.com\/bs\/destinacije\/prozor-rama\/","title":{"rendered":"Prozor &#038; Rama"},"content":{"rendered":"<p>[vc_row][vc_column width=&#8221;1\/2&#8221;][vc_column_text]<\/p>\n<h3 style=\"text-align: left;\">Na izvoru prirode<\/h3>\n<p style=\"text-align: justify;\">Prozor i Rama se nalaze na najsjevernijem podru\u010dju Hercegovine. Prekrasno Ramsko jezero dominira cijelim podru\u010djem. U sredini Ramskog jezera se nalazi otok \u0160\u0107it sa Franjeva\u010dkim samostanom.<\/p>\n<p style=\"text-align: justify;\">Ova planinska regija je prepuna bujnog zelenila i \u010diste vode. U prekrasnim bojama i ti\u0161ini ovog kraja putnici mogu prona\u0107i istinski mir. Lokalni seljani su izrazito prijatni i gostoljubivi ljudi. Isto\u010dno od Ramskog jezera nalazi se Prozor, mali planinski gradi\u0107 koji je sli\u010dan Rami. Iza Prozora nalazi se selo Duga, blagoslovljeno neizmjemjernom koli\u010dinom vode i mo\u0107nim vodopadom zvanim Vodopad Duge. Selo je dobilo ime po dugi koja se gotovo uvijek javlja iznad 30-metarskog vodopada.<\/p>\n<p>[\/vc_column_text][\/vc_column][vc_column width=&#8221;1\/2&#8221;][vc_single_image image=&#8221;3781&#8221; img_size=&#8221;full&#8221;][\/vc_column][\/vc_row]<\/p>\n","protected":false},"excerpt":{"rendered":"<p>[vc_row][vc_column width=&#8221;1\/2&#8221;][vc_column_text] Na izvoru prirode Prozor i Rama se nalaze na najsjevernijem podru\u010dju Hercegovine. Prekrasno Ramsko jezero dominira cijelim podru\u010djem. [&hellip;]<\/p>\n","protected":false},"author":2,"featured_media":0,"parent":3812,"menu_order":0,"comment_status":"closed","ping_status":"closed","template":"","meta":{"footnotes":""},"class_list":["post-3836","page","type-page","status-publish","hentry"],"_links":{"self":[{"href":"http:\/\/kapetanovina.com\/bs\/wp-json\/wp\/v2\/pages\/3836","targetHints":{"allow":["GET"]}}],"collection":[{"href":"http:\/\/kapetanovina.com\/bs\/wp-json\/wp\/v2\/pages"}],"about":[{"href":"http:\/\/kapetanovina.com\/bs\/wp-json\/wp\/v2\/types\/page"}],"author":[{"embeddable":true,"href":"http:\/\/kapetanovina.com\/bs\/wp-json\/wp\/v2\/users\/2"}],"replies":[{"embeddable":true,"href":"http:\/\/kapetanovina.com\/bs\/wp-json\/wp\/v2\/comments?post=3836"}],"version-history":[{"count":4,"href":"http:\/\/kapetanovina.com\/bs\/wp-json\/wp\/v2\/pages\/3836\/revisions"}],"predecessor-version":[{"id":4264,"href":"http:\/\/kapetanovina.com\/bs\/wp-json\/wp\/v2\/pages\/3836\/revisions\/4264"}],"up":[{"embeddable":true,"href":"http:\/\/kapetanovina.com\/bs\/wp-json\/wp\/v2\/pages\/3812"}],"wp:attachment":[{"href":"http:\/\/kapetanovina.com\/bs\/wp-json\/wp\/v2\/media?parent=3836"}],"curies":[{"name":"wp","href":"https:\/\/api.w.org\/{rel}","templated":true}]}}