{"id":3834,"date":"2016-12-21T09:52:28","date_gmt":"2016-12-21T08:52:28","guid":{"rendered":"http:\/\/kapetanovina.com\/destinacije\/pocitelj\/"},"modified":"2016-12-29T22:50:06","modified_gmt":"2016-12-29T21:50:06","slug":"pocitelj","status":"publish","type":"page","link":"http:\/\/kapetanovina.com\/bs\/destinacije\/pocitelj\/","title":{"rendered":"Po\u010ditelj"},"content":{"rendered":"<p>[vc_row][vc_column width=&#8221;1\/2&#8221;][vc_column_text]<\/p>\n<h3 style=\"text-align: left;\">Tvr\u0111ava i stari grad &#8211; Po\u010ditelj<\/h3>\n<p style=\"text-align: justify;\">U dolini Neretve nalazi se prekrasan stari grad Po\u010ditelj. Ovu tvr\u0111avu je sagradio kralj Tvrtko godine 1383. i ima\u00adla je strate\u0161ku ulogu u kontrolisanju puta do mora dolinom rijeke Neretve.<\/p>\n<p style=\"text-align: justify;\">Danas, histo\u00adrijski gradi\u0107 Po\u010ditelj izgra\u0111en ispod tvr\u0111ave, ima orijentalni izgled i kao takav potpuno je u funkciji turizma i kulturnih priredbi. Udaljen je svega 3 km od \u010capljine.<\/p>\n<p>[\/vc_column_text][\/vc_column][vc_column width=&#8221;1\/2&#8221;][vc_single_image image=&#8221;3778&#8221; img_size=&#8221;full&#8221;][\/vc_column][\/vc_row]<\/p>\n","protected":false},"excerpt":{"rendered":"<p>[vc_row][vc_column width=&#8221;1\/2&#8221;][vc_column_text] Tvr\u0111ava i stari grad &#8211; Po\u010ditelj U dolini Neretve nalazi se prekrasan stari grad Po\u010ditelj. Ovu tvr\u0111avu je [&hellip;]<\/p>\n","protected":false},"author":2,"featured_media":0,"parent":3812,"menu_order":0,"comment_status":"closed","ping_status":"closed","template":"","meta":{"footnotes":""},"class_list":["post-3834","page","type-page","status-publish","hentry"],"_links":{"self":[{"href":"http:\/\/kapetanovina.com\/bs\/wp-json\/wp\/v2\/pages\/3834","targetHints":{"allow":["GET"]}}],"collection":[{"href":"http:\/\/kapetanovina.com\/bs\/wp-json\/wp\/v2\/pages"}],"about":[{"href":"http:\/\/kapetanovina.com\/bs\/wp-json\/wp\/v2\/types\/page"}],"author":[{"embeddable":true,"href":"http:\/\/kapetanovina.com\/bs\/wp-json\/wp\/v2\/users\/2"}],"replies":[{"embeddable":true,"href":"http:\/\/kapetanovina.com\/bs\/wp-json\/wp\/v2\/comments?post=3834"}],"version-history":[{"count":6,"href":"http:\/\/kapetanovina.com\/bs\/wp-json\/wp\/v2\/pages\/3834\/revisions"}],"predecessor-version":[{"id":4368,"href":"http:\/\/kapetanovina.com\/bs\/wp-json\/wp\/v2\/pages\/3834\/revisions\/4368"}],"up":[{"embeddable":true,"href":"http:\/\/kapetanovina.com\/bs\/wp-json\/wp\/v2\/pages\/3812"}],"wp:attachment":[{"href":"http:\/\/kapetanovina.com\/bs\/wp-json\/wp\/v2\/media?parent=3834"}],"curies":[{"name":"wp","href":"https:\/\/api.w.org\/{rel}","templated":true}]}}