{"id":3820,"date":"2016-12-21T09:48:44","date_gmt":"2016-12-21T08:48:44","guid":{"rendered":"http:\/\/kapetanovina.com\/destinacije\/capljina\/"},"modified":"2016-12-29T09:58:22","modified_gmt":"2016-12-29T08:58:22","slug":"capljina","status":"publish","type":"page","link":"http:\/\/kapetanovina.com\/bs\/destinacije\/capljina\/","title":{"rendered":"\u010capljina"},"content":{"rendered":"<p>[vc_row][vc_column width=&#8221;1\/2&#8221;][vc_column_text]<\/p>\n<h3 style=\"text-align: left;\">Ljepotica na \u010detiri rijeke<\/h3>\n<p style=\"text-align: justify;\">Grad i op\u0107ina \u010capljina utkani su u razvedene i pitome prostore donjeg toka Neretve. Okru\u017euju ga kasnoanti\u010dki objekti Mogorjelo i Gabela, egzoti\u010dni krajolik Struga, drevni kameni Po\u010ditelj nadaleko \u010duveni kompleks srednjovjekovne arhitekture te Hutovo blato &#8211; jedan od najbogatijih rezervata ptica mo\u010dvarica u Europi.<\/p>\n<p style=\"text-align: justify;\">\u010capljina je, mo\u017ee se re\u0107i &#8211; mezimica voda, grad na \u010detiri rijeke: Neretvi, Trebi\u017eatu, Bregavi i Krupi. Okolni reljef je ispresijecan razli\u010ditim oblicima u kojima se nadopunjuju goli kr\u0161, rije\u010dni tokovi, kanjoni i klisure, vodopadi i blagi pejza\u017ei, te zelena rije\u010dna dolina Neretve.<\/p>\n<p style=\"text-align: justify;\">Blizina Jadranskog mora i mediteranska klima stvaraju osnovne klimatske uvjete \u010dapljinske regije koje su pogodni za uzgoj vinove loze te mediteranskoga vo\u0107a i povr\u0107a. Danas, kao i vjekovima, \u010capljina je mjesto po\u017eeljno za \u017eivot.<\/p>\n<p>[\/vc_column_text][\/vc_column][vc_column width=&#8221;1\/2&#8221;][vc_single_image image=&#8221;3696&#8221; img_size=&#8221;full&#8221; alignment=&#8221;center&#8221; css=&#8221;.vc_custom_1482160711993{padding-top: 30px !important;}&#8221;][\/vc_column][\/vc_row]<\/p>\n","protected":false},"excerpt":{"rendered":"<p>[vc_row][vc_column width=&#8221;1\/2&#8221;][vc_column_text] Ljepotica na \u010detiri rijeke Grad i op\u0107ina \u010capljina utkani su u razvedene i pitome prostore donjeg toka Neretve. [&hellip;]<\/p>\n","protected":false},"author":2,"featured_media":0,"parent":3812,"menu_order":0,"comment_status":"closed","ping_status":"closed","template":"","meta":{"footnotes":""},"class_list":["post-3820","page","type-page","status-publish","hentry"],"_links":{"self":[{"href":"http:\/\/kapetanovina.com\/bs\/wp-json\/wp\/v2\/pages\/3820","targetHints":{"allow":["GET"]}}],"collection":[{"href":"http:\/\/kapetanovina.com\/bs\/wp-json\/wp\/v2\/pages"}],"about":[{"href":"http:\/\/kapetanovina.com\/bs\/wp-json\/wp\/v2\/types\/page"}],"author":[{"embeddable":true,"href":"http:\/\/kapetanovina.com\/bs\/wp-json\/wp\/v2\/users\/2"}],"replies":[{"embeddable":true,"href":"http:\/\/kapetanovina.com\/bs\/wp-json\/wp\/v2\/comments?post=3820"}],"version-history":[{"count":5,"href":"http:\/\/kapetanovina.com\/bs\/wp-json\/wp\/v2\/pages\/3820\/revisions"}],"predecessor-version":[{"id":4272,"href":"http:\/\/kapetanovina.com\/bs\/wp-json\/wp\/v2\/pages\/3820\/revisions\/4272"}],"up":[{"embeddable":true,"href":"http:\/\/kapetanovina.com\/bs\/wp-json\/wp\/v2\/pages\/3812"}],"wp:attachment":[{"href":"http:\/\/kapetanovina.com\/bs\/wp-json\/wp\/v2\/media?parent=3820"}],"curies":[{"name":"wp","href":"https:\/\/api.w.org\/{rel}","templated":true}]}}