{"id":3818,"date":"2016-12-21T09:46:44","date_gmt":"2016-12-21T08:46:44","guid":{"rendered":"http:\/\/kapetanovina.com\/destinacije\/blagaj\/"},"modified":"2016-12-29T09:56:24","modified_gmt":"2016-12-29T08:56:24","slug":"blagaj","status":"publish","type":"page","link":"http:\/\/kapetanovina.com\/bs\/destinacije\/blagaj\/","title":{"rendered":"Blagaj"},"content":{"rendered":"<p>[vc_row][vc_column width=&#8221;1\/2&#8221;][vc_column_text]<\/p>\n<h3 style=\"text-align: left;\">Blagi gaj u mo\u0107noj prirodi<\/h3>\n<p style=\"text-align: justify;\">Blagaj je oduvijek bio mjesto u koje se dolazilo zbog njegove ljepote, njegove o\u010daravaju\u0107e prirode i historije koja je osjetna u svakom trenutku. Neponovljivi ambijent Vrela Bune, mira Dervi\u0161ke Tekije i svje\u017eine rijeke Bune \u010dine ga posebnim.<\/p>\n<p style=\"text-align: justify;\">Sami Blagaj kao i njegovu okolinu karakteri\u0161e raznolikost njegovih nadzemnih i podzemnih voda, te kra\u0161kh oblika i vrsta stijena. Blagaj u tom smislu predstavlja jedan od najljep\u0161ih primjera geomorfolo\u0161kih procesa koji su se kroz historiju odvijali na ovom terenu.<\/p>\n<p style=\"text-align: justify;\">Izvori\u0161te Bune je jedno od najve\u0107ih i zasigurno najljep\u0161ih u Evropi. Voda izbija ispod 200 met. okomite litice, na \u010dijem vrhu se nalazi ru\u0161evina starog grada Herceg &#8211; Stjepana, posljednjeg vladara Hercegovine, prije otomanske vlasti. Vidjev\u0161i toliku koli\u010dinu vode koja sama od sebe tvori rijeku, vjerovatno je i turski sultan bio impresioniran time, pa je naredio da se pored Vrela Bune sagradi predivna Dervi\u0161ka tekija, koja danas predstavlja najmisti\u010dnije mjesto u cijeloj Bosni i Hercegovini.<\/p>\n<p style=\"text-align: justify;\">Ova ku\u0107a je u 16. vijeku napravljena za potrebe dervi\u0161kog reda, a u prelijepoj avliji koja gleda na izvor rijeke Bune mo\u017eete se poslu\u017eiti osve\u017eavaju\u0107om limunadom i tradicionalno pripravljenom kafom.<\/p>\n<p style=\"text-align: justify;\">Podru\u010dje Blagaja je poznato po raznolikosti svoje flore i velikom broju endemskih vrsta. Plodna obradiva zemlja je pogodna za tipi\u010dnu mediteransku poljoprivredu, sa mnogo ranog vo\u0107a i povr\u0107a. To \u0161to je danas Blagaj turisti\u010dki centar Hercegovine, doprinosi i \u010dinjenica da u Blagaju ima 11 spomenika od nacionalne vrijednosti, koji su atraktivni i turisti ih rado posje\u0107uju. U njih spadaju pomenuti Stari grad iznad Blagaja, zatim atraktivna, smje\u0161tena pored vode Velagi\u0107evina, kao i d\u017eamija Sulejmana veli\u010danstvenog, te Kara\u0111ozbegov most.<\/p>\n<p style=\"text-align: justify;\">Kompleks starih ku\u0107a u Velagi\u0107evini predstavlja pravi primjer kako se nekad \u017eivjelo i stanovalo i vrijeme provodilo u blagajskim ku\u0107ama i avlijama. U Blagaj se dolazi i radi neponovljivog ukusa blagajske pastrmke koja \u017eivi u rijeci Buni, a naro\u010dito prija kada se konzumira u jednom od brojnih i u starom stilu izgra\u0111enih, \u017eivopisnih blagajskih restorana, smje\u0161tenih tek pored rijeke Bune.<\/p>\n<p>[\/vc_column_text][\/vc_column][vc_column width=&#8221;1\/2&#8221; css=&#8221;.vc_custom_1482220994019{padding-top: 20px !important;}&#8221;][vc_single_image image=&#8221;3723&#8221; img_size=&#8221;full&#8221; alignment=&#8221;center&#8221;][vc_single_image image=&#8221;3687&#8221; img_size=&#8221;full&#8221; alignment=&#8221;center&#8221;][\/vc_column][\/vc_row]<\/p>\n","protected":false},"excerpt":{"rendered":"<p>[vc_row][vc_column width=&#8221;1\/2&#8221;][vc_column_text] Blagi gaj u mo\u0107noj prirodi Blagaj je oduvijek bio mjesto u koje se dolazilo zbog njegove ljepote, njegove [&hellip;]<\/p>\n","protected":false},"author":2,"featured_media":0,"parent":3812,"menu_order":0,"comment_status":"closed","ping_status":"closed","template":"","meta":{"footnotes":""},"class_list":["post-3818","page","type-page","status-publish","hentry"],"_links":{"self":[{"href":"http:\/\/kapetanovina.com\/bs\/wp-json\/wp\/v2\/pages\/3818","targetHints":{"allow":["GET"]}}],"collection":[{"href":"http:\/\/kapetanovina.com\/bs\/wp-json\/wp\/v2\/pages"}],"about":[{"href":"http:\/\/kapetanovina.com\/bs\/wp-json\/wp\/v2\/types\/page"}],"author":[{"embeddable":true,"href":"http:\/\/kapetanovina.com\/bs\/wp-json\/wp\/v2\/users\/2"}],"replies":[{"embeddable":true,"href":"http:\/\/kapetanovina.com\/bs\/wp-json\/wp\/v2\/comments?post=3818"}],"version-history":[{"count":7,"href":"http:\/\/kapetanovina.com\/bs\/wp-json\/wp\/v2\/pages\/3818\/revisions"}],"predecessor-version":[{"id":4271,"href":"http:\/\/kapetanovina.com\/bs\/wp-json\/wp\/v2\/pages\/3818\/revisions\/4271"}],"up":[{"embeddable":true,"href":"http:\/\/kapetanovina.com\/bs\/wp-json\/wp\/v2\/pages\/3812"}],"wp:attachment":[{"href":"http:\/\/kapetanovina.com\/bs\/wp-json\/wp\/v2\/media?parent=3818"}],"curies":[{"name":"wp","href":"https:\/\/api.w.org\/{rel}","templated":true}]}}